{"id":1133,"date":"2025-09-16T22:33:02","date_gmt":"2025-09-16T20:33:02","guid":{"rendered":"https:\/\/qualitasplaza.com\/instituto\/?page_id=1133"},"modified":"2025-10-13T13:38:20","modified_gmt":"2025-10-13T11:38:20","slug":"articulos","status":"publish","type":"page","link":"https:\/\/qualitasplaza.com\/instituto\/articulos\/","title":{"rendered":"Art\u00edculos"},"content":{"rendered":"\t\t<div data-elementor-type=\"wp-page\" data-elementor-id=\"1133\" class=\"elementor elementor-1133\">\n\t\t\t\t<div class=\"elementor-element elementor-element-6dff9a6d e-con-full e-flex e-con e-parent\" data-id=\"6dff9a6d\" data-element_type=\"container\" id=\"next\">\n\t\t\t\t<div class=\"elementor-element elementor-element-3dc4a57a elementor-widget elementor-widget-heading\" data-id=\"3dc4a57a\" data-element_type=\"widget\" data-widget_type=\"heading.default\">\n\t\t\t\t\t<h3 class=\"elementor-heading-title elementor-size-default\">Una nueva era del marketing<\/h3>\t\t\t\t<\/div>\n\t\t\t\t<div class=\"elementor-element elementor-element-cbc10f8 elementor-widget elementor-widget-heading\" data-id=\"cbc10f8\" data-element_type=\"widget\" data-widget_type=\"heading.default\">\n\t\t\t\t\t<p class=\"elementor-heading-title elementor-size-default\"><b>Centrada en la experiencia del cliente<\/b><\/p>\t\t\t\t<\/div>\n\t\t\t\t<div class=\"elementor-element elementor-element-1f21e49 elementor-widget elementor-widget-text-editor\" data-id=\"1f21e49\" data-element_type=\"widget\" data-widget_type=\"text-editor.default\">\n\t\t\t\t\t\t\t\t\t<p style=\"text-align: center;\">A trav\u00e9s de art\u00edculos y publicaciones especializadas, el Instituto Qualitas busca abrir un camino en la transformaci\u00f3n del marketing, enfoc\u00e1ndose en la experiencia de usuario y cliente como pilares estrat\u00e9gicos para el \u00e9xito empresarial.<\/p>\t\t\t\t\t\t\t\t<\/div>\n\t\t\t\t<div class=\"elementor-element elementor-element-229e9ad elementor-widget elementor-widget-spacer\" data-id=\"229e9ad\" data-element_type=\"widget\" data-widget_type=\"spacer.default\">\n\t\t\t\t\t\t\t<div class=\"elementor-spacer\">\n\t\t\t<div class=\"elementor-spacer-inner\"><\/div>\n\t\t<\/div>\n\t\t\t\t\t\t<\/div>\n\t\t\t\t<\/div>\n\t\t<div class=\"elementor-element elementor-element-38b7456 e-grid e-con-boxed e-con e-parent\" data-id=\"38b7456\" data-element_type=\"container\">\n\t\t\t\t\t<div class=\"e-con-inner\">\n\t\t<div class=\"elementor-element elementor-element-c4ef57e e-con-full e-flex e-con e-child\" data-id=\"c4ef57e\" data-element_type=\"container\">\n\t\t\t\t<div class=\"elementor-element elementor-element-f8df746 elementor-widget elementor-widget-image\" data-id=\"f8df746\" data-element_type=\"widget\" data-widget_type=\"image.default\">\n\t\t\t\t\t\t\t\t\t\t\t\t\t\t\t<img fetchpriority=\"high\" decoding=\"async\" width=\"1024\" height=\"586\" src=\"https:\/\/qualitasplaza.com\/instituto\/wp-content\/uploads\/2025\/10\/1000936216-1024x586.jpg\" class=\"attachment-large size-large wp-image-3247\" alt=\"\" srcset=\"https:\/\/qualitasplaza.com\/instituto\/wp-content\/uploads\/2025\/10\/1000936216-1024x586.jpg 1024w, https:\/\/qualitasplaza.com\/instituto\/wp-content\/uploads\/2025\/10\/1000936216-460x263.jpg 460w, https:\/\/qualitasplaza.com\/instituto\/wp-content\/uploads\/2025\/10\/1000936216-768x440.jpg 768w, https:\/\/qualitasplaza.com\/instituto\/wp-content\/uploads\/2025\/10\/1000936216-50x29.jpg 50w, https:\/\/qualitasplaza.com\/instituto\/wp-content\/uploads\/2025\/10\/1000936216-100x57.jpg 100w, https:\/\/qualitasplaza.com\/instituto\/wp-content\/uploads\/2025\/10\/1000936216-600x344.jpg 600w, https:\/\/qualitasplaza.com\/instituto\/wp-content\/uploads\/2025\/10\/1000936216-120x69.jpg 120w, https:\/\/qualitasplaza.com\/instituto\/wp-content\/uploads\/2025\/10\/1000936216-310x178.jpg 310w, https:\/\/qualitasplaza.com\/instituto\/wp-content\/uploads\/2025\/10\/1000936216.jpg 1079w\" sizes=\"(max-width: 1024px) 100vw, 1024px\" \/>\t\t\t\t\t\t\t\t\t\t\t\t\t\t\t<\/div>\n\t\t\t\t<div class=\"elementor-element elementor-element-8ff57cd elementor-widget elementor-widget-heading\" data-id=\"8ff57cd\" data-element_type=\"widget\" data-widget_type=\"heading.default\">\n\t\t\t\t\t<h2 class=\"elementor-heading-title elementor-size-default\"><a href=\"https:\/\/www.el-carabobeno.com\/ciec-realizara-taller-sobre-aumento-de-ventas\/\">\ud83d\udcf0 Educaci\u00f3n UX\/CX para emprendedores\u00a0<\/a><\/h2>\t\t\t\t<\/div>\n\t\t\t\t<div class=\"elementor-element elementor-element-78a0560 elementor-widget elementor-widget-text-editor\" data-id=\"78a0560\" data-element_type=\"widget\" data-widget_type=\"text-editor.default\">\n\t\t\t\t\t\t\t\t\t<p><span style=\"font-weight: 400;\">\u201cLa estrategia est\u00e1 enfocada en la captaci\u00f3n de clientes, utilizando la Experiencia de Usuario como un factor clave para potenciar el \u00e9xito comercial.\u201d<\/span><\/p>\t\t\t\t\t\t\t\t<\/div>\n\t\t\t\t<\/div>\n\t\t<div class=\"elementor-element elementor-element-99c6bca e-con-full e-flex e-con e-child\" data-id=\"99c6bca\" data-element_type=\"container\">\n\t\t\t\t<div class=\"elementor-element elementor-element-12b2c7e elementor-widget elementor-widget-image\" data-id=\"12b2c7e\" data-element_type=\"widget\" data-widget_type=\"image.default\">\n\t\t\t\t\t\t\t\t\t\t\t\t\t\t\t<img decoding=\"async\" width=\"1024\" height=\"563\" src=\"https:\/\/qualitasplaza.com\/instituto\/wp-content\/uploads\/2025\/10\/1000936229-1024x563.png\" class=\"attachment-large size-large wp-image-3253\" alt=\"\" srcset=\"https:\/\/qualitasplaza.com\/instituto\/wp-content\/uploads\/2025\/10\/1000936229-1024x563.png 1024w, https:\/\/qualitasplaza.com\/instituto\/wp-content\/uploads\/2025\/10\/1000936229-460x253.png 460w, https:\/\/qualitasplaza.com\/instituto\/wp-content\/uploads\/2025\/10\/1000936229-768x422.png 768w, https:\/\/qualitasplaza.com\/instituto\/wp-content\/uploads\/2025\/10\/1000936229-50x28.png 50w, https:\/\/qualitasplaza.com\/instituto\/wp-content\/uploads\/2025\/10\/1000936229-100x55.png 100w, https:\/\/qualitasplaza.com\/instituto\/wp-content\/uploads\/2025\/10\/1000936229-600x330.png 600w, https:\/\/qualitasplaza.com\/instituto\/wp-content\/uploads\/2025\/10\/1000936229-120x66.png 120w, https:\/\/qualitasplaza.com\/instituto\/wp-content\/uploads\/2025\/10\/1000936229-310x171.png 310w, https:\/\/qualitasplaza.com\/instituto\/wp-content\/uploads\/2025\/10\/1000936229.png 1500w\" sizes=\"(max-width: 1024px) 100vw, 1024px\" \/>\t\t\t\t\t\t\t\t\t\t\t\t\t\t\t<\/div>\n\t\t\t\t<div class=\"elementor-element elementor-element-7019118 elementor-widget elementor-widget-heading\" data-id=\"7019118\" data-element_type=\"widget\" data-widget_type=\"heading.default\">\n\t\t\t\t\t<h2 class=\"elementor-heading-title elementor-size-default\"><a href=\"https:\/\/fm.uc.edu.ve\/2025\/02\/19\/una-nueva-saga-en-el-marketing-un-enfoque-clave-para-generar-ventas\/11\/%20\">\ud83d\udcf0 Formaci\u00f3n aplicada en CX<\/a><\/h2>\t\t\t\t<\/div>\n\t\t\t\t<div class=\"elementor-element elementor-element-9be05c0 elementor-widget elementor-widget-text-editor\" data-id=\"9be05c0\" data-element_type=\"widget\" data-widget_type=\"text-editor.default\">\n\t\t\t\t\t\t\t\t\t<p><span style=\"font-weight: 400;\">\u201cUna nueva saga en el marketing est\u00e1 en marcha. Estamos liderando un cap\u00edtulo donde la Experiencia de Cliente se convierte en un factor estrat\u00e9gico de las empresas.\u201d\u00a0<\/span><\/p>\t\t\t\t\t\t\t\t<\/div>\n\t\t\t\t<\/div>\n\t\t<div class=\"elementor-element elementor-element-c12b5d2 e-con-full e-flex e-con e-child\" data-id=\"c12b5d2\" data-element_type=\"container\">\n\t\t\t\t<div class=\"elementor-element elementor-element-defd125 elementor-widget elementor-widget-image\" data-id=\"defd125\" data-element_type=\"widget\" data-widget_type=\"image.default\">\n\t\t\t\t\t\t\t\t\t\t\t\t\t\t\t<img decoding=\"async\" width=\"1024\" height=\"405\" src=\"https:\/\/qualitasplaza.com\/instituto\/wp-content\/uploads\/2025\/10\/1000936221-1024x405.jpg\" class=\"attachment-large size-large wp-image-3249\" alt=\"\" srcset=\"https:\/\/qualitasplaza.com\/instituto\/wp-content\/uploads\/2025\/10\/1000936221-1024x405.jpg 1024w, https:\/\/qualitasplaza.com\/instituto\/wp-content\/uploads\/2025\/10\/1000936221-460x182.jpg 460w, https:\/\/qualitasplaza.com\/instituto\/wp-content\/uploads\/2025\/10\/1000936221-768x304.jpg 768w, https:\/\/qualitasplaza.com\/instituto\/wp-content\/uploads\/2025\/10\/1000936221-50x20.jpg 50w, https:\/\/qualitasplaza.com\/instituto\/wp-content\/uploads\/2025\/10\/1000936221-100x40.jpg 100w, https:\/\/qualitasplaza.com\/instituto\/wp-content\/uploads\/2025\/10\/1000936221-600x237.jpg 600w, https:\/\/qualitasplaza.com\/instituto\/wp-content\/uploads\/2025\/10\/1000936221-120x47.jpg 120w, https:\/\/qualitasplaza.com\/instituto\/wp-content\/uploads\/2025\/10\/1000936221-310x123.jpg 310w, https:\/\/qualitasplaza.com\/instituto\/wp-content\/uploads\/2025\/10\/1000936221.jpg 1079w\" sizes=\"(max-width: 1024px) 100vw, 1024px\" \/>\t\t\t\t\t\t\t\t\t\t\t\t\t\t\t<\/div>\n\t\t\t\t<div class=\"elementor-element elementor-element-7314bff elementor-widget elementor-widget-heading\" data-id=\"7314bff\" data-element_type=\"widget\" data-widget_type=\"heading.default\">\n\t\t\t\t\t<h2 class=\"elementor-heading-title elementor-size-default\"><a href=\"https:\/\/www.eluniversal.com\/economia\/201432\/una-nueva-saga-en-el-marketing-un-enfoque-clave-para-generar-ventas\">\ud83d\udcf0 Una nueva saga en el marketing<\/a><\/h2>\t\t\t\t<\/div>\n\t\t\t\t<div class=\"elementor-element elementor-element-efd7338 elementor-widget elementor-widget-text-editor\" data-id=\"efd7338\" data-element_type=\"widget\" data-widget_type=\"text-editor.default\">\n\t\t\t\t\t\t\t\t\t<p><span style=\"font-weight: 400;\">\u201cInvitamos a sumarse a esta transformaci\u00f3n que garantiza mejores niveles de servicio, trazando un nuevo rumbo basado en la experiencia y la conexi\u00f3n genuina con los clientes.\u201d\u00a0<\/span><\/p>\t\t\t\t\t\t\t\t<\/div>\n\t\t\t\t<\/div>\n\t\t\t\t\t<\/div>\n\t\t\t\t<\/div>\n\t\t<div class=\"elementor-element elementor-element-fd6d5f7 e-flex e-con-boxed e-con e-parent\" data-id=\"fd6d5f7\" data-element_type=\"container\">\n\t\t\t\t\t<div class=\"e-con-inner\">\n\t\t\t\t<div class=\"elementor-element elementor-element-c32136a elementor-align-center elementor-widget elementor-widget-button\" data-id=\"c32136a\" data-element_type=\"widget\" data-widget_type=\"button.default\">\n\t\t\t\t\t\t\t\t\t\t<a class=\"elementor-button elementor-button-link elementor-size-sm\" href=\"https:\/\/api.whatsapp.com\/send?phone=+4552520570&#038;text=Deseo%20m%C3%A1s%20informaci%C3%B3n%20sobre%20Qualitas%20Plaza\">\n\t\t\t\t\t\t<span class=\"elementor-button-content-wrapper\">\n\t\t\t\t\t\t\t\t\t<span class=\"elementor-button-text\">Solicita una Entrevista<\/span>\n\t\t\t\t\t<\/span>\n\t\t\t\t\t<\/a>\n\t\t\t\t\t\t\t\t<\/div>\n\t\t\t\t<div class=\"elementor-element elementor-element-1d4fdeb elementor-widget elementor-widget-spacer\" data-id=\"1d4fdeb\" data-element_type=\"widget\" data-widget_type=\"spacer.default\">\n\t\t\t\t\t\t\t<div class=\"elementor-spacer\">\n\t\t\t<div class=\"elementor-spacer-inner\"><\/div>\n\t\t<\/div>\n\t\t\t\t\t\t<\/div>\n\t\t\t\t\t<\/div>\n\t\t\t\t<\/div>\n\t\t\t\t<\/div>\n\t\t","protected":false},"excerpt":{"rendered":"<p>Una nueva era del marketing Centrada en la experiencia del cliente A trav\u00e9s de art\u00edculos y publicaciones especializadas, el Instituto &hellip;<\/p>\n","protected":false},"author":1,"featured_media":0,"parent":0,"menu_order":0,"comment_status":"closed","ping_status":"closed","template":"","meta":{"_bbp_topic_count":0,"_bbp_reply_count":0,"_bbp_total_topic_count":0,"_bbp_total_reply_count":0,"_bbp_voice_count":0,"_bbp_anonymous_reply_count":0,"_bbp_topic_count_hidden":0,"_bbp_reply_count_hidden":0,"_bbp_forum_subforum_count":0,"_vibebp_attr":"","_vibebp_dimensions":"","_vibebp_responsive_height":"","_vibebp_accordion_ie_support":"","footnotes":""},"coauthors":[154],"class_list":["post-1133","page","type-page","status-publish","hentry"],"yoast_head":"<!-- This site is optimized with the Yoast SEO plugin v26.0 - https:\/\/yoast.com\/wordpress\/plugins\/seo\/ -->\n<title>Art\u00edculos - Instituto Qualitas<\/title>\n<meta name=\"robots\" content=\"index, follow, max-snippet:-1, max-image-preview:large, max-video-preview:-1\" \/>\n<link rel=\"canonical\" href=\"https:\/\/qualitasplaza.com\/instituto\/articulos\/\" \/>\n<meta property=\"og:locale\" content=\"es_ES\" \/>\n<meta property=\"og:type\" content=\"article\" \/>\n<meta property=\"og:title\" content=\"Art\u00edculos - Instituto Qualitas\" \/>\n<meta property=\"og:description\" content=\"Una nueva era del marketing Centrada en la experiencia del cliente A trav\u00e9s de art\u00edculos y publicaciones especializadas, el Instituto &hellip;\" \/>\n<meta property=\"og:url\" content=\"https:\/\/qualitasplaza.com\/instituto\/articulos\/\" \/>\n<meta property=\"og:site_name\" content=\"Instituto Qualitas\" \/>\n<meta property=\"article:publisher\" content=\"https:\/\/www.facebook.com\/qualitasplaza\/\" \/>\n<meta property=\"article:modified_time\" content=\"2025-10-13T11:38:20+00:00\" \/>\n<meta property=\"og:image\" content=\"https:\/\/qualitasplaza.com\/instituto\/wp-content\/uploads\/2025\/10\/1000936216.jpg\" \/>\n\t<meta property=\"og:image:width\" content=\"1079\" \/>\n\t<meta property=\"og:image:height\" content=\"618\" \/>\n\t<meta property=\"og:image:type\" content=\"image\/jpeg\" \/>\n<meta name=\"twitter:card\" content=\"summary_large_image\" \/>\n<meta name=\"twitter:site\" content=\"@qualitas_plaza\" \/>\n<meta name=\"twitter:label1\" content=\"Est. reading time\" \/>\n\t<meta name=\"twitter:data1\" content=\"2 minutos\" \/>\n\t<meta name=\"twitter:label2\" content=\"Written by\" \/>\n\t<meta name=\"twitter:data2\" content=\"admin\" \/>\n<script type=\"application\/ld+json\" class=\"yoast-schema-graph\">{\"@context\":\"https:\/\/schema.org\",\"@graph\":[{\"@type\":\"WebPage\",\"@id\":\"https:\/\/qualitasplaza.com\/instituto\/articulos\/\",\"url\":\"https:\/\/qualitasplaza.com\/instituto\/articulos\/\",\"name\":\"Art\u00edculos - Instituto Qualitas\",\"isPartOf\":{\"@id\":\"https:\/\/qualitasplaza.com\/instituto\/#website\"},\"primaryImageOfPage\":{\"@id\":\"https:\/\/qualitasplaza.com\/instituto\/articulos\/#primaryimage\"},\"image\":{\"@id\":\"https:\/\/qualitasplaza.com\/instituto\/articulos\/#primaryimage\"},\"thumbnailUrl\":\"https:\/\/qualitasplaza.com\/instituto\/wp-content\/uploads\/2025\/10\/1000936216-1024x586.jpg\",\"datePublished\":\"2025-09-16T20:33:02+00:00\",\"dateModified\":\"2025-10-13T11:38:20+00:00\",\"breadcrumb\":{\"@id\":\"https:\/\/qualitasplaza.com\/instituto\/articulos\/#breadcrumb\"},\"inLanguage\":\"es\",\"potentialAction\":[{\"@type\":\"ReadAction\",\"target\":[\"https:\/\/qualitasplaza.com\/instituto\/articulos\/\"]}]},{\"@type\":\"ImageObject\",\"inLanguage\":\"es\",\"@id\":\"https:\/\/qualitasplaza.com\/instituto\/articulos\/#primaryimage\",\"url\":\"https:\/\/qualitasplaza.com\/instituto\/wp-content\/uploads\/2025\/10\/1000936216.jpg\",\"contentUrl\":\"https:\/\/qualitasplaza.com\/instituto\/wp-content\/uploads\/2025\/10\/1000936216.jpg\",\"width\":1079,\"height\":618},{\"@type\":\"BreadcrumbList\",\"@id\":\"https:\/\/qualitasplaza.com\/instituto\/articulos\/#breadcrumb\",\"itemListElement\":[{\"@type\":\"ListItem\",\"position\":1,\"name\":\"Home\",\"item\":\"https:\/\/qualitasplaza.com\/instituto\/\"},{\"@type\":\"ListItem\",\"position\":2,\"name\":\"Art\u00edculos\"}]},{\"@type\":\"WebSite\",\"@id\":\"https:\/\/qualitasplaza.com\/instituto\/#website\",\"url\":\"https:\/\/qualitasplaza.com\/instituto\/\",\"name\":\"Instituto Qualitas\",\"description\":\"\",\"publisher\":{\"@id\":\"https:\/\/qualitasplaza.com\/instituto\/#organization\"},\"potentialAction\":[{\"@type\":\"SearchAction\",\"target\":{\"@type\":\"EntryPoint\",\"urlTemplate\":\"https:\/\/qualitasplaza.com\/instituto\/?s={search_term_string}\"},\"query-input\":{\"@type\":\"PropertyValueSpecification\",\"valueRequired\":true,\"valueName\":\"search_term_string\"}}],\"inLanguage\":\"es\"},{\"@type\":\"Organization\",\"@id\":\"https:\/\/qualitasplaza.com\/instituto\/#organization\",\"name\":\"Instituto Qualitas\",\"url\":\"https:\/\/qualitasplaza.com\/instituto\/\",\"logo\":{\"@type\":\"ImageObject\",\"inLanguage\":\"es\",\"@id\":\"https:\/\/qualitasplaza.com\/instituto\/#\/schema\/logo\/image\/\",\"url\":\"https:\/\/qualitasplaza.com\/instituto\/wp-content\/uploads\/2025\/09\/Copia-de-QP-isologotipo-Qualitasplaza-Transparente-1-scaled.png\",\"contentUrl\":\"https:\/\/qualitasplaza.com\/instituto\/wp-content\/uploads\/2025\/09\/Copia-de-QP-isologotipo-Qualitasplaza-Transparente-1-scaled.png\",\"width\":2560,\"height\":528,\"caption\":\"Instituto Qualitas\"},\"image\":{\"@id\":\"https:\/\/qualitasplaza.com\/instituto\/#\/schema\/logo\/image\/\"},\"sameAs\":[\"https:\/\/www.facebook.com\/qualitasplaza\/\",\"https:\/\/x.com\/qualitas_plaza\",\"https:\/\/www.linkedin.com\/company\/qualitas-plaza\/\"]}]}<\/script>\n<!-- \/ Yoast SEO plugin. -->","yoast_head_json":{"title":"Art\u00edculos - Instituto Qualitas","robots":{"index":"index","follow":"follow","max-snippet":"max-snippet:-1","max-image-preview":"max-image-preview:large","max-video-preview":"max-video-preview:-1"},"canonical":"https:\/\/qualitasplaza.com\/instituto\/articulos\/","og_locale":"es_ES","og_type":"article","og_title":"Art\u00edculos - Instituto Qualitas","og_description":"Una nueva era del marketing Centrada en la experiencia del cliente A trav\u00e9s de art\u00edculos y publicaciones especializadas, el Instituto &hellip;","og_url":"https:\/\/qualitasplaza.com\/instituto\/articulos\/","og_site_name":"Instituto Qualitas","article_publisher":"https:\/\/www.facebook.com\/qualitasplaza\/","article_modified_time":"2025-10-13T11:38:20+00:00","og_image":[{"width":1079,"height":618,"url":"https:\/\/qualitasplaza.com\/instituto\/wp-content\/uploads\/2025\/10\/1000936216.jpg","type":"image\/jpeg"}],"twitter_card":"summary_large_image","twitter_site":"@qualitas_plaza","twitter_misc":{"Est. reading time":"2 minutos","Written by":"admin"},"schema":{"@context":"https:\/\/schema.org","@graph":[{"@type":"WebPage","@id":"https:\/\/qualitasplaza.com\/instituto\/articulos\/","url":"https:\/\/qualitasplaza.com\/instituto\/articulos\/","name":"Art\u00edculos - Instituto Qualitas","isPartOf":{"@id":"https:\/\/qualitasplaza.com\/instituto\/#website"},"primaryImageOfPage":{"@id":"https:\/\/qualitasplaza.com\/instituto\/articulos\/#primaryimage"},"image":{"@id":"https:\/\/qualitasplaza.com\/instituto\/articulos\/#primaryimage"},"thumbnailUrl":"https:\/\/qualitasplaza.com\/instituto\/wp-content\/uploads\/2025\/10\/1000936216-1024x586.jpg","datePublished":"2025-09-16T20:33:02+00:00","dateModified":"2025-10-13T11:38:20+00:00","breadcrumb":{"@id":"https:\/\/qualitasplaza.com\/instituto\/articulos\/#breadcrumb"},"inLanguage":"es","potentialAction":[{"@type":"ReadAction","target":["https:\/\/qualitasplaza.com\/instituto\/articulos\/"]}]},{"@type":"ImageObject","inLanguage":"es","@id":"https:\/\/qualitasplaza.com\/instituto\/articulos\/#primaryimage","url":"https:\/\/qualitasplaza.com\/instituto\/wp-content\/uploads\/2025\/10\/1000936216.jpg","contentUrl":"https:\/\/qualitasplaza.com\/instituto\/wp-content\/uploads\/2025\/10\/1000936216.jpg","width":1079,"height":618},{"@type":"BreadcrumbList","@id":"https:\/\/qualitasplaza.com\/instituto\/articulos\/#breadcrumb","itemListElement":[{"@type":"ListItem","position":1,"name":"Home","item":"https:\/\/qualitasplaza.com\/instituto\/"},{"@type":"ListItem","position":2,"name":"Art\u00edculos"}]},{"@type":"WebSite","@id":"https:\/\/qualitasplaza.com\/instituto\/#website","url":"https:\/\/qualitasplaza.com\/instituto\/","name":"Instituto Qualitas","description":"","publisher":{"@id":"https:\/\/qualitasplaza.com\/instituto\/#organization"},"potentialAction":[{"@type":"SearchAction","target":{"@type":"EntryPoint","urlTemplate":"https:\/\/qualitasplaza.com\/instituto\/?s={search_term_string}"},"query-input":{"@type":"PropertyValueSpecification","valueRequired":true,"valueName":"search_term_string"}}],"inLanguage":"es"},{"@type":"Organization","@id":"https:\/\/qualitasplaza.com\/instituto\/#organization","name":"Instituto Qualitas","url":"https:\/\/qualitasplaza.com\/instituto\/","logo":{"@type":"ImageObject","inLanguage":"es","@id":"https:\/\/qualitasplaza.com\/instituto\/#\/schema\/logo\/image\/","url":"https:\/\/qualitasplaza.com\/instituto\/wp-content\/uploads\/2025\/09\/Copia-de-QP-isologotipo-Qualitasplaza-Transparente-1-scaled.png","contentUrl":"https:\/\/qualitasplaza.com\/instituto\/wp-content\/uploads\/2025\/09\/Copia-de-QP-isologotipo-Qualitasplaza-Transparente-1-scaled.png","width":2560,"height":528,"caption":"Instituto Qualitas"},"image":{"@id":"https:\/\/qualitasplaza.com\/instituto\/#\/schema\/logo\/image\/"},"sameAs":["https:\/\/www.facebook.com\/qualitasplaza\/","https:\/\/x.com\/qualitas_plaza","https:\/\/www.linkedin.com\/company\/qualitas-plaza\/"]}]}},"_links":{"self":[{"href":"https:\/\/qualitasplaza.com\/instituto\/wp-json\/wp\/v2\/pages\/1133","targetHints":{"allow":["GET"]}}],"collection":[{"href":"https:\/\/qualitasplaza.com\/instituto\/wp-json\/wp\/v2\/pages"}],"about":[{"href":"https:\/\/qualitasplaza.com\/instituto\/wp-json\/wp\/v2\/types\/page"}],"author":[{"embeddable":true,"href":"https:\/\/qualitasplaza.com\/instituto\/wp-json\/wp\/v2\/users\/1"}],"replies":[{"embeddable":true,"href":"https:\/\/qualitasplaza.com\/instituto\/wp-json\/wp\/v2\/comments?post=1133"}],"version-history":[{"count":202,"href":"https:\/\/qualitasplaza.com\/instituto\/wp-json\/wp\/v2\/pages\/1133\/revisions"}],"predecessor-version":[{"id":3280,"href":"https:\/\/qualitasplaza.com\/instituto\/wp-json\/wp\/v2\/pages\/1133\/revisions\/3280"}],"wp:attachment":[{"href":"https:\/\/qualitasplaza.com\/instituto\/wp-json\/wp\/v2\/media?parent=1133"}],"wp:term":[{"taxonomy":"author","embeddable":true,"href":"https:\/\/qualitasplaza.com\/instituto\/wp-json\/wp\/v2\/coauthors?post=1133"}],"curies":[{"name":"wp","href":"https:\/\/api.w.org\/{rel}","templated":true}]}}