{"id":1123,"date":"2025-09-16T22:27:14","date_gmt":"2025-09-16T20:27:14","guid":{"rendered":"https:\/\/qualitasplaza.com\/instituto\/?page_id=1123"},"modified":"2025-10-03T21:46:59","modified_gmt":"2025-10-03T19:46:59","slug":"valores","status":"publish","type":"page","link":"https:\/\/qualitasplaza.com\/instituto\/valores\/","title":{"rendered":"Valores"},"content":{"rendered":"\t\t<div data-elementor-type=\"wp-page\" data-elementor-id=\"1123\" class=\"elementor elementor-1123\">\n\t\t\t\t<div class=\"elementor-element elementor-element-3fbc117f e-flex e-con-boxed e-con e-parent\" data-id=\"3fbc117f\" data-element_type=\"container\">\n\t\t\t\t\t<div class=\"e-con-inner\">\n\t\t<div class=\"elementor-element elementor-element-6b2a6df7 e-con-full e-flex e-con e-child\" data-id=\"6b2a6df7\" data-element_type=\"container\">\n\t\t<div class=\"elementor-element elementor-element-62454796 e-con-full e-flex e-con e-child\" data-id=\"62454796\" data-element_type=\"container\">\n\t\t\t\t<div class=\"elementor-element elementor-element-569e3190 elementor-widget elementor-widget-image\" data-id=\"569e3190\" data-element_type=\"widget\" data-widget_type=\"image.default\">\n\t\t\t\t\t\t\t\t\t\t\t\t\t\t\t<img fetchpriority=\"high\" decoding=\"async\" width=\"1024\" height=\"873\" src=\"https:\/\/qualitasplaza.com\/instituto\/wp-content\/uploads\/2025\/10\/8921-1024x873.jpg\" class=\"attachment-large size-large wp-image-2910\" alt=\"\" srcset=\"https:\/\/qualitasplaza.com\/instituto\/wp-content\/uploads\/2025\/10\/8921-1024x873.jpg 1024w, https:\/\/qualitasplaza.com\/instituto\/wp-content\/uploads\/2025\/10\/8921-460x392.jpg 460w, https:\/\/qualitasplaza.com\/instituto\/wp-content\/uploads\/2025\/10\/8921-768x655.jpg 768w, https:\/\/qualitasplaza.com\/instituto\/wp-content\/uploads\/2025\/10\/8921-50x43.jpg 50w, https:\/\/qualitasplaza.com\/instituto\/wp-content\/uploads\/2025\/10\/8921-100x85.jpg 100w, https:\/\/qualitasplaza.com\/instituto\/wp-content\/uploads\/2025\/10\/8921-600x512.jpg 600w, https:\/\/qualitasplaza.com\/instituto\/wp-content\/uploads\/2025\/10\/8921-120x102.jpg 120w, https:\/\/qualitasplaza.com\/instituto\/wp-content\/uploads\/2025\/10\/8921-310x264.jpg 310w, https:\/\/qualitasplaza.com\/instituto\/wp-content\/uploads\/2025\/10\/8921.jpg 1500w\" sizes=\"(max-width: 1024px) 100vw, 1024px\" \/>\t\t\t\t\t\t\t\t\t\t\t\t\t\t\t<\/div>\n\t\t\t\t<\/div>\n\t\t\t\t<\/div>\n\t\t<div class=\"elementor-element elementor-element-316b8402 e-con-full e-flex e-con e-child\" data-id=\"316b8402\" data-element_type=\"container\">\n\t\t\t\t<div class=\"elementor-element elementor-element-23382109 elementor-widget elementor-widget-heading\" data-id=\"23382109\" data-element_type=\"widget\" data-widget_type=\"heading.default\">\n\t\t\t\t\t<h3 class=\"elementor-heading-title elementor-size-default\">Nuestros Valores<\/h3>\t\t\t\t<\/div>\n\t\t\t\t<div class=\"elementor-element elementor-element-1759fa39 elementor-widget elementor-widget-text-editor\" data-id=\"1759fa39\" data-element_type=\"widget\" data-widget_type=\"text-editor.default\">\n\t\t\t\t\t\t\t\t\t<p>En el Instituto promovemos una cultura de gesti\u00f3n basada en valores que se traducen en pr\u00e1cticas concretas para las organizaciones. Nuestra misi\u00f3n no es solo enunciar principios, sino ayudar a que las empresas los implementen y los vivan en sus procesos diarios.<\/p>\t\t\t\t\t\t\t\t<\/div>\n\t\t\t\t<\/div>\n\t\t\t\t\t<\/div>\n\t\t\t\t<\/div>\n\t\t<div class=\"elementor-element elementor-element-eedddc4 e-con-full e-flex e-con e-parent\" data-id=\"eedddc4\" data-element_type=\"container\" id=\"next\">\n\t\t\t\t<div class=\"elementor-element elementor-element-1224c50c elementor-widget elementor-widget-heading\" data-id=\"1224c50c\" data-element_type=\"widget\" data-widget_type=\"heading.default\">\n\t\t\t\t\t<h3 class=\"elementor-heading-title elementor-size-default\">Valores que impulsamos<\/h3>\t\t\t\t<\/div>\n\t\t<div class=\"elementor-element elementor-element-14f981f2 e-con-full e-flex e-con e-child\" data-id=\"14f981f2\" data-element_type=\"container\">\n\t\t<div class=\"elementor-element elementor-element-b2cb808 e-con-full e-flex e-con e-child\" data-id=\"b2cb808\" data-element_type=\"container\">\n\t\t\t\t<div class=\"elementor-element elementor-element-2573b21 elementor-widget elementor-widget-image-box\" data-id=\"2573b21\" data-element_type=\"widget\" data-widget_type=\"image-box.default\">\n\t\t\t\t\t<div class=\"elementor-image-box-wrapper\"><div class=\"elementor-image-box-content\"><h4 class=\"elementor-image-box-title\"><a href=\"#\">Pensamiento Critico <\/a><\/h4><p class=\"elementor-image-box-description\">Promovemos un enfoque de optimizaci\u00f3n permanente, que evita la complacencia y asegura que la empresa evolucione con las necesidades del cliente.<\/p><\/div><\/div>\t\t\t\t<\/div>\n\t\t\t\t<\/div>\n\t\t<div class=\"elementor-element elementor-element-31327975 e-con-full e-flex e-con e-child\" data-id=\"31327975\" data-element_type=\"container\">\n\t\t\t\t<div class=\"elementor-element elementor-element-73bc4705 elementor-widget elementor-widget-image-box\" data-id=\"73bc4705\" data-element_type=\"widget\" data-widget_type=\"image-box.default\">\n\t\t\t\t\t<div class=\"elementor-image-box-wrapper\"><div class=\"elementor-image-box-content\"><h4 class=\"elementor-image-box-title\"><a href=\"#\">Agilidad en la gesti\u00f3n<\/a><\/h4><p class=\"elementor-image-box-description\">Una organizaci\u00f3n \u00e1gil es aquella que atiende de inmediato, resuelve con eficiencia y evita que los problemas se acumulen o se repitan.<\/p><\/div><\/div>\t\t\t\t<\/div>\n\t\t\t\t<\/div>\n\t\t<div class=\"elementor-element elementor-element-4d16fa25 e-con-full e-flex e-con e-child\" data-id=\"4d16fa25\" data-element_type=\"container\">\n\t\t\t\t<div class=\"elementor-element elementor-element-3f56e81 elementor-widget elementor-widget-image-box\" data-id=\"3f56e81\" data-element_type=\"widget\" data-widget_type=\"image-box.default\">\n\t\t\t\t\t<div class=\"elementor-image-box-wrapper\"><div class=\"elementor-image-box-content\"><h4 class=\"elementor-image-box-title\"><a href=\"#\">Estandarizaci\u00f3n <\/a><\/h4><p class=\"elementor-image-box-description\">La estandarizaci\u00f3n no limita la creatividad: brinda orden y garantiza que cada interacci\u00f3n cumpla con el mismo nivel de excelencia.<\/p><\/div><\/div>\t\t\t\t<\/div>\n\t\t\t\t<\/div>\n\t\t\t\t<\/div>\n\t\t<div class=\"elementor-element elementor-element-1e6a62b e-con-full e-flex e-con e-child\" data-id=\"1e6a62b\" data-element_type=\"container\">\n\t\t<div class=\"elementor-element elementor-element-1a04210c e-con-full e-flex e-con e-child\" data-id=\"1a04210c\" data-element_type=\"container\">\n\t\t\t\t<div class=\"elementor-element elementor-element-32d9fcb8 elementor-widget elementor-widget-image-box\" data-id=\"32d9fcb8\" data-element_type=\"widget\" data-widget_type=\"image-box.default\">\n\t\t\t\t\t<div class=\"elementor-image-box-wrapper\"><div class=\"elementor-image-box-content\"><h4 class=\"elementor-image-box-title\"><a href=\"#\">Transparencia <\/a><\/h4><p class=\"elementor-image-box-description\">Claridad en cada proceso, sin secretismos. Solo informaci\u00f3n accesible y condiciones claras, canales abiertos, y una comunicaci\u00f3n que genere confianza en los clientes y aliados.<\/p><\/div><\/div>\t\t\t\t<\/div>\n\t\t\t\t<\/div>\n\t\t<div class=\"elementor-element elementor-element-b6a251d e-con-full e-flex e-con e-child\" data-id=\"b6a251d\" data-element_type=\"container\">\n\t\t\t\t<div class=\"elementor-element elementor-element-fa82cd0 elementor-widget elementor-widget-image-box\" data-id=\"fa82cd0\" data-element_type=\"widget\" data-widget_type=\"image-box.default\">\n\t\t\t\t\t<div class=\"elementor-image-box-wrapper\"><div class=\"elementor-image-box-content\"><h4 class=\"elementor-image-box-title\"><a href=\"#\">Supervisi\u00f3n activa<\/a><\/h4><p class=\"elementor-image-box-description\">Entendemos que la justicia se extiende a corregir fallas. Esto se traduce en supervisar los procesos, detectar ineficiencias y tomar acci\u00f3n inmediata. No actuar  en este contexto es perpetuar el da\u00f1o hacia el cliente y hacia la propia empresa.<\/p><\/div><\/div>\t\t\t\t<\/div>\n\t\t\t\t<\/div>\n\t\t\t\t<\/div>\n\t\t\t\t<\/div>\n\t\t<div class=\"elementor-element elementor-element-2b17d636 e-con-full e-flex e-con e-parent\" data-id=\"2b17d636\" data-element_type=\"container\" data-settings=\"{&quot;background_background&quot;:&quot;classic&quot;}\">\n\t\t\t\t<div class=\"elementor-element elementor-element-512a68b8 elementor-widget elementor-widget-heading\" data-id=\"512a68b8\" data-element_type=\"widget\" data-widget_type=\"heading.default\">\n\t\t\t\t\t<h3 class=\"elementor-heading-title elementor-size-default\">Sustento Filos\u00f3fico <\/h3>\t\t\t\t<\/div>\n\t\t\t\t<div class=\"elementor-element elementor-element-e92a1f5 elementor-widget elementor-widget-heading\" data-id=\"e92a1f5\" data-element_type=\"widget\" data-widget_type=\"heading.default\">\n\t\t\t\t\t<p class=\"elementor-heading-title elementor-size-default\">Socrates, (en Glauc\u00f3n y Polemarco) se\u00f1alaba que la justicia es un principio colectivo, y afirmaba que consiste en dar a cada uno lo que le corresponde. En la empresa, esto implica garantizar al cliente un trato justo, condiciones claras y soluciones oportunas.<\/p>\t\t\t\t<\/div>\n\t\t\t\t<div class=\"elementor-element elementor-element-567fea1 elementor-widget elementor-widget-text-editor\" data-id=\"567fea1\" data-element_type=\"widget\" data-widget_type=\"text-editor.default\">\n\t\t\t\t\t\t\t\t\t<h3>La <b>inacci\u00f3n<\/b> es una forma de injusticia por omisi\u00f3n<\/h3>\t\t\t\t\t\t\t\t<\/div>\n\t\t<div class=\"elementor-element elementor-element-4980ea33 e-con-full e-flex e-con e-child\" data-id=\"4980ea33\" data-element_type=\"container\">\n\t\t\t\t<div class=\"elementor-element elementor-element-6ca246f7 elementor-view-stacked elementor-shape-square elementor-widget__width-initial elementor-position-top elementor-mobile-position-top elementor-widget elementor-widget-icon-box\" data-id=\"6ca246f7\" data-element_type=\"widget\" data-widget_type=\"icon-box.default\">\n\t\t\t\t\t\t\t<div class=\"elementor-icon-box-wrapper\">\n\n\t\t\t\t\t\t<div class=\"elementor-icon-box-icon\">\n\t\t\t\t<span  class=\"elementor-icon elementor-animation-shrink\">\n\t\t\t\t<svg aria-hidden=\"true\" class=\"e-font-icon-svg e-far-minus-square\" viewBox=\"0 0 448 512\" xmlns=\"http:\/\/www.w3.org\/2000\/svg\"><path d=\"M108 284c-6.6 0-12-5.4-12-12v-32c0-6.6 5.4-12 12-12h232c6.6 0 12 5.4 12 12v32c0 6.6-5.4 12-12 12H108zM448 80v352c0 26.5-21.5 48-48 48H48c-26.5 0-48-21.5-48-48V80c0-26.5 21.5-48 48-48h352c26.5 0 48 21.5 48 48zm-48 346V86c0-3.3-2.7-6-6-6H54c-3.3 0-6 2.7-6 6v340c0 3.3 2.7 6 6 6h340c3.3 0 6-2.7 6-6z\"><\/path><\/svg>\t\t\t\t<\/span>\n\t\t\t<\/div>\n\t\t\t\n\t\t\t\t\t\t<div class=\"elementor-icon-box-content\">\n\n\t\t\t\t\t\t\t\t\t<h4 class=\"elementor-icon-box-title\">\n\t\t\t\t\t\t<span  >\n\t\t\t\t\t\t\tIgnorar \t\t\t\t\t\t<\/span>\n\t\t\t\t\t<\/h4>\n\t\t\t\t\n\t\t\t\t\t\t\t\t\t<p class=\"elementor-icon-box-description\">\n\t\t\t\t\t\tquejas o errores priva al cliente de una mejora leg\u00edtima.\t\t\t\t\t<\/p>\n\t\t\t\t\n\t\t\t<\/div>\n\t\t\t\n\t\t<\/div>\n\t\t\t\t\t\t<\/div>\n\t\t\t\t<div class=\"elementor-element elementor-element-6baf3255 elementor-view-stacked elementor-shape-square elementor-widget__width-initial elementor-position-top elementor-mobile-position-top elementor-widget elementor-widget-icon-box\" data-id=\"6baf3255\" data-element_type=\"widget\" data-widget_type=\"icon-box.default\">\n\t\t\t\t\t\t\t<div class=\"elementor-icon-box-wrapper\">\n\n\t\t\t\t\t\t<div class=\"elementor-icon-box-icon\">\n\t\t\t\t<span  class=\"elementor-icon elementor-animation-shrink\">\n\t\t\t\t<svg aria-hidden=\"true\" class=\"e-font-icon-svg e-far-bell-slash\" viewBox=\"0 0 640 512\" xmlns=\"http:\/\/www.w3.org\/2000\/svg\"><path d=\"M633.99 471.02L36 3.51C29.1-2.01 19.03-.9 13.51 6l-10 12.49C-2.02 25.39-.9 35.46 6 40.98l598 467.51c6.9 5.52 16.96 4.4 22.49-2.49l10-12.49c5.52-6.9 4.41-16.97-2.5-22.49zM163.53 368c16.71-22.03 34.48-55.8 41.4-110.58l-45.47-35.55c-3.27 90.73-36.47 120.68-54.84 140.42-6 6.45-8.66 14.16-8.61 21.71.11 16.4 12.98 32 32.1 32h279.66l-61.4-48H163.53zM320 96c61.86 0 112 50.14 112 112 0 .2-.06.38-.06.58.02 16.84 1.16 31.77 2.79 45.73l59.53 46.54c-8.31-22.13-14.34-51.49-14.34-92.85 0-77.7-54.48-139.9-127.94-155.16V32c0-17.67-14.32-32-31.98-32s-31.98 14.33-31.98 32v20.84c-26.02 5.41-49.45 16.94-69.13 32.72l38.17 29.84C275 103.18 296.65 96 320 96zm0 416c35.32 0 63.97-28.65 63.97-64H256.03c0 35.35 28.65 64 63.97 64z\"><\/path><\/svg>\t\t\t\t<\/span>\n\t\t\t<\/div>\n\t\t\t\n\t\t\t\t\t\t<div class=\"elementor-icon-box-content\">\n\n\t\t\t\t\t\t\t\t\t<h4 class=\"elementor-icon-box-title\">\n\t\t\t\t\t\t<span  >\n\t\t\t\t\t\t\tNormalizar\t\t\t\t\t\t<\/span>\n\t\t\t\t\t<\/h4>\n\t\t\t\t\n\t\t\t\t\t\t\t\t\t<p class=\"elementor-icon-box-description\">\n\t\t\t\t\t\tdeficiencias erosiona la confianza.\t\t\t\t\t<\/p>\n\t\t\t\t\n\t\t\t<\/div>\n\t\t\t\n\t\t<\/div>\n\t\t\t\t\t\t<\/div>\n\t\t\t\t<div class=\"elementor-element elementor-element-5353025c elementor-view-stacked elementor-shape-square elementor-widget__width-initial elementor-position-top elementor-mobile-position-top elementor-widget elementor-widget-icon-box\" data-id=\"5353025c\" data-element_type=\"widget\" data-widget_type=\"icon-box.default\">\n\t\t\t\t\t\t\t<div class=\"elementor-icon-box-wrapper\">\n\n\t\t\t\t\t\t<div class=\"elementor-icon-box-icon\">\n\t\t\t\t<span  class=\"elementor-icon elementor-animation-shrink\">\n\t\t\t\t<svg aria-hidden=\"true\" class=\"e-font-icon-svg e-far-pause-circle\" viewBox=\"0 0 512 512\" xmlns=\"http:\/\/www.w3.org\/2000\/svg\"><path d=\"M256 8C119 8 8 119 8 256s111 248 248 248 248-111 248-248S393 8 256 8zm0 448c-110.5 0-200-89.5-200-200S145.5 56 256 56s200 89.5 200 200-89.5 200-200 200zm96-280v160c0 8.8-7.2 16-16 16h-48c-8.8 0-16-7.2-16-16V176c0-8.8 7.2-16 16-16h48c8.8 0 16 7.2 16 16zm-112 0v160c0 8.8-7.2 16-16 16h-48c-8.8 0-16-7.2-16-16V176c0-8.8 7.2-16 16-16h48c8.8 0 16 7.2 16 16z\"><\/path><\/svg>\t\t\t\t<\/span>\n\t\t\t<\/div>\n\t\t\t\n\t\t\t\t\t\t<div class=\"elementor-icon-box-content\">\n\n\t\t\t\t\t\t\t\t\t<h4 class=\"elementor-icon-box-title\">\n\t\t\t\t\t\t<span  >\n\t\t\t\t\t\t\tPasividad\t\t\t\t\t\t<\/span>\n\t\t\t\t\t<\/h4>\n\t\t\t\t\n\t\t\t\t\t\t\t\t\t<p class=\"elementor-icon-box-description\">\n\t\t\t\t\t\tCrea una cultura de indiferencia que lleva al deterioro empresarial.\t\t\t\t\t<\/p>\n\t\t\t\t\n\t\t\t<\/div>\n\t\t\t\n\t\t<\/div>\n\t\t\t\t\t\t<\/div>\n\t\t\t\t<\/div>\n\t\t\t\t<\/div>\n\t\t<div class=\"elementor-element elementor-element-607bdca6 e-flex e-con-boxed e-con e-parent\" data-id=\"607bdca6\" data-element_type=\"container\" data-settings=\"{&quot;background_background&quot;:&quot;classic&quot;}\">\n\t\t\t\t\t<div class=\"e-con-inner\">\n\t\t\t\t<div class=\"elementor-element elementor-element-25ddf4c9 elementor-widget elementor-widget-heading\" data-id=\"25ddf4c9\" data-element_type=\"widget\" data-widget_type=\"heading.default\">\n\t\t\t\t\t<h3 class=\"elementor-heading-title elementor-size-default\">Aplicaci\u00f3n Pr\u00e1ctica <\/h3>\t\t\t\t<\/div>\n\t\t\t\t<div class=\"elementor-element elementor-element-19d6d56f elementor-widget elementor-widget-text-editor\" data-id=\"19d6d56f\" data-element_type=\"widget\" data-widget_type=\"text-editor.default\">\n\t\t\t\t\t\t\t\t\t<p>La vivencia activa de estos valores refuerza la confianza de los clientes, eleva la eficiencia operativa y asegura la sostenibilidad de las organizaciones. No se trata solo de buenas intenciones:<\/p><p><strong>Son principios que, aplicados en la pr\u00e1ctica, generan resultados tangibles y fortalecen el desempe\u00f1o empresarial.<\/strong><\/p>\t\t\t\t\t\t\t\t<\/div>\n\t\t\t\t<div class=\"elementor-element elementor-element-fab92aa elementor-widget elementor-widget-spacer\" data-id=\"fab92aa\" data-element_type=\"widget\" data-widget_type=\"spacer.default\">\n\t\t\t\t\t\t\t<div class=\"elementor-spacer\">\n\t\t\t<div class=\"elementor-spacer-inner\"><\/div>\n\t\t<\/div>\n\t\t\t\t\t\t<\/div>\n\t\t\t\t\t<\/div>\n\t\t\t\t<\/div>\n\t\t\t\t<\/div>\n\t\t","protected":false},"excerpt":{"rendered":"<p>Nuestros Valores En el Instituto promovemos una cultura de gesti\u00f3n basada en valores que se traducen en pr\u00e1cticas concretas para &hellip;<\/p>\n","protected":false},"author":1,"featured_media":0,"parent":0,"menu_order":0,"comment_status":"closed","ping_status":"closed","template":"","meta":{"_bbp_topic_count":0,"_bbp_reply_count":0,"_bbp_total_topic_count":0,"_bbp_total_reply_count":0,"_bbp_voice_count":0,"_bbp_anonymous_reply_count":0,"_bbp_topic_count_hidden":0,"_bbp_reply_count_hidden":0,"_bbp_forum_subforum_count":0,"_vibebp_attr":"","_vibebp_dimensions":"","_vibebp_responsive_height":"","_vibebp_accordion_ie_support":"","footnotes":""},"coauthors":[154],"class_list":["post-1123","page","type-page","status-publish","hentry"],"yoast_head":"<!-- This site is optimized with the Yoast SEO plugin v26.0 - https:\/\/yoast.com\/wordpress\/plugins\/seo\/ -->\n<title>Valores - Instituto Qualitas<\/title>\n<meta name=\"robots\" content=\"index, follow, max-snippet:-1, max-image-preview:large, max-video-preview:-1\" \/>\n<link rel=\"canonical\" href=\"https:\/\/qualitasplaza.com\/instituto\/valores\/\" \/>\n<meta property=\"og:locale\" content=\"es_ES\" \/>\n<meta property=\"og:type\" content=\"article\" \/>\n<meta property=\"og:title\" content=\"Valores - Instituto Qualitas\" \/>\n<meta property=\"og:description\" content=\"Nuestros Valores En el Instituto promovemos una cultura de gesti\u00f3n basada en valores que se traducen en pr\u00e1cticas concretas para &hellip;\" \/>\n<meta property=\"og:url\" content=\"https:\/\/qualitasplaza.com\/instituto\/valores\/\" \/>\n<meta property=\"og:site_name\" content=\"Instituto Qualitas\" \/>\n<meta property=\"article:publisher\" content=\"https:\/\/www.facebook.com\/qualitasplaza\/\" \/>\n<meta property=\"article:modified_time\" content=\"2025-10-03T19:46:59+00:00\" \/>\n<meta property=\"og:image\" content=\"https:\/\/qualitasplaza.com\/instituto\/wp-content\/uploads\/2025\/10\/8921.jpg\" \/>\n\t<meta property=\"og:image:width\" content=\"1500\" \/>\n\t<meta property=\"og:image:height\" content=\"1279\" \/>\n\t<meta property=\"og:image:type\" content=\"image\/jpeg\" \/>\n<meta name=\"twitter:card\" content=\"summary_large_image\" \/>\n<meta name=\"twitter:site\" content=\"@qualitas_plaza\" \/>\n<meta name=\"twitter:label1\" content=\"Est. reading time\" \/>\n\t<meta name=\"twitter:data1\" content=\"2 minutos\" \/>\n\t<meta name=\"twitter:label2\" content=\"Written by\" \/>\n\t<meta name=\"twitter:data2\" content=\"admin\" \/>\n<script type=\"application\/ld+json\" class=\"yoast-schema-graph\">{\"@context\":\"https:\/\/schema.org\",\"@graph\":[{\"@type\":\"WebPage\",\"@id\":\"https:\/\/qualitasplaza.com\/instituto\/valores\/\",\"url\":\"https:\/\/qualitasplaza.com\/instituto\/valores\/\",\"name\":\"Valores - Instituto Qualitas\",\"isPartOf\":{\"@id\":\"https:\/\/qualitasplaza.com\/instituto\/#website\"},\"primaryImageOfPage\":{\"@id\":\"https:\/\/qualitasplaza.com\/instituto\/valores\/#primaryimage\"},\"image\":{\"@id\":\"https:\/\/qualitasplaza.com\/instituto\/valores\/#primaryimage\"},\"thumbnailUrl\":\"https:\/\/qualitasplaza.com\/instituto\/wp-content\/uploads\/2025\/10\/8921-1024x873.jpg\",\"datePublished\":\"2025-09-16T20:27:14+00:00\",\"dateModified\":\"2025-10-03T19:46:59+00:00\",\"breadcrumb\":{\"@id\":\"https:\/\/qualitasplaza.com\/instituto\/valores\/#breadcrumb\"},\"inLanguage\":\"es\",\"potentialAction\":[{\"@type\":\"ReadAction\",\"target\":[\"https:\/\/qualitasplaza.com\/instituto\/valores\/\"]}]},{\"@type\":\"ImageObject\",\"inLanguage\":\"es\",\"@id\":\"https:\/\/qualitasplaza.com\/instituto\/valores\/#primaryimage\",\"url\":\"https:\/\/qualitasplaza.com\/instituto\/wp-content\/uploads\/2025\/10\/8921.jpg\",\"contentUrl\":\"https:\/\/qualitasplaza.com\/instituto\/wp-content\/uploads\/2025\/10\/8921.jpg\",\"width\":1500,\"height\":1279},{\"@type\":\"BreadcrumbList\",\"@id\":\"https:\/\/qualitasplaza.com\/instituto\/valores\/#breadcrumb\",\"itemListElement\":[{\"@type\":\"ListItem\",\"position\":1,\"name\":\"Home\",\"item\":\"https:\/\/qualitasplaza.com\/instituto\/\"},{\"@type\":\"ListItem\",\"position\":2,\"name\":\"Valores\"}]},{\"@type\":\"WebSite\",\"@id\":\"https:\/\/qualitasplaza.com\/instituto\/#website\",\"url\":\"https:\/\/qualitasplaza.com\/instituto\/\",\"name\":\"Instituto Qualitas\",\"description\":\"\",\"publisher\":{\"@id\":\"https:\/\/qualitasplaza.com\/instituto\/#organization\"},\"potentialAction\":[{\"@type\":\"SearchAction\",\"target\":{\"@type\":\"EntryPoint\",\"urlTemplate\":\"https:\/\/qualitasplaza.com\/instituto\/?s={search_term_string}\"},\"query-input\":{\"@type\":\"PropertyValueSpecification\",\"valueRequired\":true,\"valueName\":\"search_term_string\"}}],\"inLanguage\":\"es\"},{\"@type\":\"Organization\",\"@id\":\"https:\/\/qualitasplaza.com\/instituto\/#organization\",\"name\":\"Instituto Qualitas\",\"url\":\"https:\/\/qualitasplaza.com\/instituto\/\",\"logo\":{\"@type\":\"ImageObject\",\"inLanguage\":\"es\",\"@id\":\"https:\/\/qualitasplaza.com\/instituto\/#\/schema\/logo\/image\/\",\"url\":\"https:\/\/qualitasplaza.com\/instituto\/wp-content\/uploads\/2025\/09\/Copia-de-QP-isologotipo-Qualitasplaza-Transparente-1-scaled.png\",\"contentUrl\":\"https:\/\/qualitasplaza.com\/instituto\/wp-content\/uploads\/2025\/09\/Copia-de-QP-isologotipo-Qualitasplaza-Transparente-1-scaled.png\",\"width\":2560,\"height\":528,\"caption\":\"Instituto Qualitas\"},\"image\":{\"@id\":\"https:\/\/qualitasplaza.com\/instituto\/#\/schema\/logo\/image\/\"},\"sameAs\":[\"https:\/\/www.facebook.com\/qualitasplaza\/\",\"https:\/\/x.com\/qualitas_plaza\",\"https:\/\/www.linkedin.com\/company\/qualitas-plaza\/\"]}]}<\/script>\n<!-- \/ Yoast SEO plugin. -->","yoast_head_json":{"title":"Valores - Instituto Qualitas","robots":{"index":"index","follow":"follow","max-snippet":"max-snippet:-1","max-image-preview":"max-image-preview:large","max-video-preview":"max-video-preview:-1"},"canonical":"https:\/\/qualitasplaza.com\/instituto\/valores\/","og_locale":"es_ES","og_type":"article","og_title":"Valores - Instituto Qualitas","og_description":"Nuestros Valores En el Instituto promovemos una cultura de gesti\u00f3n basada en valores que se traducen en pr\u00e1cticas concretas para &hellip;","og_url":"https:\/\/qualitasplaza.com\/instituto\/valores\/","og_site_name":"Instituto Qualitas","article_publisher":"https:\/\/www.facebook.com\/qualitasplaza\/","article_modified_time":"2025-10-03T19:46:59+00:00","og_image":[{"width":1500,"height":1279,"url":"https:\/\/qualitasplaza.com\/instituto\/wp-content\/uploads\/2025\/10\/8921.jpg","type":"image\/jpeg"}],"twitter_card":"summary_large_image","twitter_site":"@qualitas_plaza","twitter_misc":{"Est. reading time":"2 minutos","Written by":"admin"},"schema":{"@context":"https:\/\/schema.org","@graph":[{"@type":"WebPage","@id":"https:\/\/qualitasplaza.com\/instituto\/valores\/","url":"https:\/\/qualitasplaza.com\/instituto\/valores\/","name":"Valores - Instituto Qualitas","isPartOf":{"@id":"https:\/\/qualitasplaza.com\/instituto\/#website"},"primaryImageOfPage":{"@id":"https:\/\/qualitasplaza.com\/instituto\/valores\/#primaryimage"},"image":{"@id":"https:\/\/qualitasplaza.com\/instituto\/valores\/#primaryimage"},"thumbnailUrl":"https:\/\/qualitasplaza.com\/instituto\/wp-content\/uploads\/2025\/10\/8921-1024x873.jpg","datePublished":"2025-09-16T20:27:14+00:00","dateModified":"2025-10-03T19:46:59+00:00","breadcrumb":{"@id":"https:\/\/qualitasplaza.com\/instituto\/valores\/#breadcrumb"},"inLanguage":"es","potentialAction":[{"@type":"ReadAction","target":["https:\/\/qualitasplaza.com\/instituto\/valores\/"]}]},{"@type":"ImageObject","inLanguage":"es","@id":"https:\/\/qualitasplaza.com\/instituto\/valores\/#primaryimage","url":"https:\/\/qualitasplaza.com\/instituto\/wp-content\/uploads\/2025\/10\/8921.jpg","contentUrl":"https:\/\/qualitasplaza.com\/instituto\/wp-content\/uploads\/2025\/10\/8921.jpg","width":1500,"height":1279},{"@type":"BreadcrumbList","@id":"https:\/\/qualitasplaza.com\/instituto\/valores\/#breadcrumb","itemListElement":[{"@type":"ListItem","position":1,"name":"Home","item":"https:\/\/qualitasplaza.com\/instituto\/"},{"@type":"ListItem","position":2,"name":"Valores"}]},{"@type":"WebSite","@id":"https:\/\/qualitasplaza.com\/instituto\/#website","url":"https:\/\/qualitasplaza.com\/instituto\/","name":"Instituto Qualitas","description":"","publisher":{"@id":"https:\/\/qualitasplaza.com\/instituto\/#organization"},"potentialAction":[{"@type":"SearchAction","target":{"@type":"EntryPoint","urlTemplate":"https:\/\/qualitasplaza.com\/instituto\/?s={search_term_string}"},"query-input":{"@type":"PropertyValueSpecification","valueRequired":true,"valueName":"search_term_string"}}],"inLanguage":"es"},{"@type":"Organization","@id":"https:\/\/qualitasplaza.com\/instituto\/#organization","name":"Instituto Qualitas","url":"https:\/\/qualitasplaza.com\/instituto\/","logo":{"@type":"ImageObject","inLanguage":"es","@id":"https:\/\/qualitasplaza.com\/instituto\/#\/schema\/logo\/image\/","url":"https:\/\/qualitasplaza.com\/instituto\/wp-content\/uploads\/2025\/09\/Copia-de-QP-isologotipo-Qualitasplaza-Transparente-1-scaled.png","contentUrl":"https:\/\/qualitasplaza.com\/instituto\/wp-content\/uploads\/2025\/09\/Copia-de-QP-isologotipo-Qualitasplaza-Transparente-1-scaled.png","width":2560,"height":528,"caption":"Instituto Qualitas"},"image":{"@id":"https:\/\/qualitasplaza.com\/instituto\/#\/schema\/logo\/image\/"},"sameAs":["https:\/\/www.facebook.com\/qualitasplaza\/","https:\/\/x.com\/qualitas_plaza","https:\/\/www.linkedin.com\/company\/qualitas-plaza\/"]}]}},"_links":{"self":[{"href":"https:\/\/qualitasplaza.com\/instituto\/wp-json\/wp\/v2\/pages\/1123","targetHints":{"allow":["GET"]}}],"collection":[{"href":"https:\/\/qualitasplaza.com\/instituto\/wp-json\/wp\/v2\/pages"}],"about":[{"href":"https:\/\/qualitasplaza.com\/instituto\/wp-json\/wp\/v2\/types\/page"}],"author":[{"embeddable":true,"href":"https:\/\/qualitasplaza.com\/instituto\/wp-json\/wp\/v2\/users\/1"}],"replies":[{"embeddable":true,"href":"https:\/\/qualitasplaza.com\/instituto\/wp-json\/wp\/v2\/comments?post=1123"}],"version-history":[{"count":110,"href":"https:\/\/qualitasplaza.com\/instituto\/wp-json\/wp\/v2\/pages\/1123\/revisions"}],"predecessor-version":[{"id":2916,"href":"https:\/\/qualitasplaza.com\/instituto\/wp-json\/wp\/v2\/pages\/1123\/revisions\/2916"}],"wp:attachment":[{"href":"https:\/\/qualitasplaza.com\/instituto\/wp-json\/wp\/v2\/media?parent=1123"}],"wp:term":[{"taxonomy":"author","embeddable":true,"href":"https:\/\/qualitasplaza.com\/instituto\/wp-json\/wp\/v2\/coauthors?post=1123"}],"curies":[{"name":"wp","href":"https:\/\/api.w.org\/{rel}","templated":true}]}}